{"id":250640,"date":"2025-03-14T13:14:21","date_gmt":"2025-03-14T12:14:21","guid":{"rendered":"https:\/\/www.projit.it\/formazione\/?page_id=250640"},"modified":"2025-03-14T15:33:39","modified_gmt":"2025-03-14T14:33:39","slug":"elearning-2","status":"publish","type":"page","link":"https:\/\/www.projit.it\/formazione\/elearning\/","title":{"rendered":"E-learning"},"content":{"rendered":"<p>[et_pb_section fb_built=&#8221;1&#8243; fullwidth=&#8221;on&#8221; _builder_version=&#8221;4.27.0&#8243; _module_preset=&#8221;default&#8221; background_color=&#8221;#d6d6d6&#8243; custom_padding=&#8221;||0px|||&#8221; locked=&#8221;off&#8221; global_colors_info=&#8221;{}&#8221;][et_pb_fullwidth_image src=&#8221;https:\/\/www.projit.it\/e-learning\/wp-content\/uploads\/sites\/2\/2025\/01\/formazione-e-learning-immagine.jpg&#8221; alt=&#8221;formazione e-learning immagine&#8221; title_text=&#8221;formazione e-learning immagine&#8221; _builder_version=&#8221;4.27.4&#8243; _module_preset=&#8221;default&#8221; width=&#8221;70%&#8221; max_width=&#8221;80%&#8221; module_alignment=&#8221;center&#8221; global_colors_info=&#8221;{}&#8221;][\/et_pb_fullwidth_image][\/et_pb_section][et_pb_section fb_built=&#8221;1&#8243; _builder_version=&#8221;4.27.0&#8243; _module_preset=&#8221;default&#8221; custom_margin=&#8221;-36px|||||&#8221; custom_padding=&#8221;40px||0px|||&#8221; locked=&#8221;off&#8221; global_colors_info=&#8221;{}&#8221;][et_pb_row _builder_version=&#8221;4.27.0&#8243; _module_preset=&#8221;default&#8221; min_height=&#8221;208px&#8221; custom_margin=&#8221;-32px|auto||auto||&#8221; custom_padding=&#8221;53px||10px|||&#8221; global_colors_info=&#8221;{}&#8221;][et_pb_column type=&#8221;4_4&#8243; _builder_version=&#8221;4.27.0&#8243; _module_preset=&#8221;default&#8221; pac_dcm_carousel_specific_module_num=&#8221;0&#8243; global_colors_info=&#8221;{}&#8221;][et_pb_heading title=&#8221;Il giusto modo di fare E-learning&#8221; _builder_version=&#8221;4.27.4&#8243; _module_preset=&#8221;default&#8221; title_font=&#8221;|700|||||||&#8221; title_text_color=&#8221;#c00418&#8243; global_colors_info=&#8221;{}&#8221;][\/et_pb_heading][et_pb_text _builder_version=&#8221;4.27.0&#8243; _module_preset=&#8221;default&#8221; text_font=&#8221;|&#8211;et_global_body_font_weight|||||||&#8221; text_font_size=&#8221;20px&#8221; custom_margin=&#8221;||13px||false|false&#8221; custom_padding=&#8221;||19px|||&#8221; global_colors_info=&#8221;{}&#8221;]<\/p>\n<p><strong>Projit<\/strong> \u00e8 da sempre &#8220;pioniere&#8221; nell&#8217;organizzazione di <strong>percorsi di formazione asincrona<\/strong>,<strong>E-learning<\/strong>, sia sulle nostre piattaforme dedicate <strong>SMARTELEARNING<\/strong>, sia implementando <strong>corsi a catalogo o progettati ad hoc<\/strong> per essere caricati sulle piattaforme aziendali dei nostri clienti.<\/p>\n<p><strong>Innovazione, sperimentazione,<\/strong> <strong>qualit\u00e0<\/strong> sono le caratteristiche che guidano la realizzazione di tutta la gamma dei nostri prodotti, perfetti per supportare enti e imprese nella <strong>digitalizzazione applicata<\/strong> alla formazione, <strong>riducendo i costi<\/strong> e i <strong>limiti della formazione tradizionale<\/strong> in aula e adattandosi perfettamente ai <strong>ritmi produttivi aziendali<\/strong>.<\/p>\n<p>Scopri le<strong> piattaforme LMS,<\/strong> i<strong> nostri corsi a catalogo<\/strong>, e come possiamo aiutarti a progettare un <strong>corso ad hoc<\/strong>:<\/p>\n<p>&nbsp;<\/p>\n<p>[\/et_pb_text][\/et_pb_column][\/et_pb_row][\/et_pb_section][et_pb_section fb_built=&#8221;1&#8243; _builder_version=&#8221;4.27.2&#8243; _module_preset=&#8221;default&#8221; background_color=&#8221;#FFFFFF&#8221; min_height=&#8221;673.5px&#8221; custom_margin=&#8221;-129px||||false|false&#8221; custom_padding=&#8221;26px||12px||false|false&#8221; locked=&#8221;off&#8221; global_colors_info=&#8221;{}&#8221;][et_pb_row _builder_version=&#8221;4.27.0&#8243; _module_preset=&#8221;default&#8221; custom_margin=&#8221;|auto|110px|auto||&#8221; custom_padding=&#8221;1px|||||&#8221; global_colors_info=&#8221;{}&#8221;][et_pb_column type=&#8221;4_4&#8243; _builder_version=&#8221;4.27.0&#8243; _module_preset=&#8221;default&#8221; pac_dcm_carousel_specific_module_num=&#8221;0&#8243; global_colors_info=&#8221;{}&#8221;][et_pb_accordion _builder_version=&#8221;4.27.2&#8243; _module_preset=&#8221;default&#8221; custom_margin=&#8221;||||false|false&#8221; global_colors_info=&#8221;{}&#8221;][et_pb_accordion_item title=&#8221;Piattaforme LMS&#8221; open=&#8221;on&#8221; closed_toggle_background_color=&#8221;#b80718&#8243; _builder_version=&#8221;4.27.2&#8243; _module_preset=&#8221;default&#8221; body_font=&#8221;|&#8211;et_global_body_font_weight|||||||&#8221; body_text_color=&#8221;#FFFFFF&#8221; body_font_size=&#8221;20px&#8221; background_color=&#8221;#b80718&#8243; background_enable_color=&#8221;on&#8221; global_colors_info=&#8221;{}&#8221; toggle_text_color=&#8221;#FFFFFF&#8221; toggle_font=&#8221;|700|||||||&#8221; toggle_font_size=&#8221;26px&#8221;]<\/p>\n<p>Scopri la piattaforma <strong>Didactica di Projit<\/strong> progettata per erogare la formazione a professionisti e discenti. Con soluzioni modulari e personalizzate, dotata di funzionalit\u00e0 <strong>avanzate di automazione e reportistica<\/strong>, grazie alla vasta offerta di corsi e percorsi didattici \u00e8 lo strumento ideale per far crescere la tua azienda.<\/p>\n<p><a style=\"color: white;\" href=\"https:\/\/www.projit.it\/formazione\/elearning\/piattaforme-lms\"><strong>Scopri le nostre piattaforme &gt;<\/strong><\/a><\/p>\n<p><strong><\/strong><\/p>\n<p>[\/et_pb_accordion_item][et_pb_accordion_item title=&#8221;Corsi E-learning&#8221; closed_toggle_background_color=&#8221;#b80718&#8243; _builder_version=&#8221;4.27.2&#8243; _module_preset=&#8221;default&#8221; body_font=&#8221;|&#8211;et_global_body_font_weight|||||||&#8221; body_text_color=&#8221;#FFFFFF&#8221; body_font_size=&#8221;20px&#8221; background_color=&#8221;#b80718&#8243; background_enable_color=&#8221;on&#8221; global_colors_info=&#8221;{}&#8221; toggle_text_color=&#8221;#FFFFFF&#8221; toggle_font=&#8221;|700|||||||&#8221; toggle_font_size=&#8221;26px&#8221; open=&#8221;off&#8221;]<\/p>\n<p>Grazie alla metodologia di erogazione di <strong>percorsi formativi E-learning,<\/strong> il partecipante ha la possibilit\u00e0 di gestire in completa autonomia tempi, luoghi e modalit\u00e0 della formazione e dello studio.<\/p>\n<p>Projit mette a disposizione dei clienti un vasto catalogo di<strong> corsi E-learning pronti all\u2019uso e modulari<\/strong>.<\/p>\n<p><a href=\"https:\/\/www.projit.it\/formazione\/elearning\/corsi-elearning\" data-wplink-url-error=\"true\" style=\"color: white;\"><strong>Scopri i nostri corsi E-learning &gt;<\/strong><\/a><\/p>\n<p><strong><\/strong><\/p>\n<p>[\/et_pb_accordion_item][et_pb_accordion_item title=&#8221;SCORM&#8221; closed_toggle_background_color=&#8221;#b80718&#8243; _builder_version=&#8221;4.27.2&#8243; _module_preset=&#8221;default&#8221; body_font=&#8221;|&#8211;et_global_body_font_weight|||||||&#8221; body_text_color=&#8221;#FFFFFF&#8221; body_font_size=&#8221;20px&#8221; background_color=&#8221;#b80718&#8243; background_enable_color=&#8221;on&#8221; global_colors_info=&#8221;{}&#8221; toggle_text_color=&#8221;#FFFFFF&#8221; toggle_font=&#8221;|700|||||||&#8221; toggle_font_size=&#8221;26px&#8221; open=&#8221;off&#8221;]<\/p>\n<p>SCORM \u00e8 ormai universalmente riconosciuto come i<strong>l formato standard per l\u2019E-Learning<\/strong>: i pacchetti SCORM, oltre ad essere compatibili con le piattaforme E-Learning pi\u00f9 diffuse, consentono di<strong> realizzare contenuti didattici<\/strong> personalizzati, multimediali e interattivi, creati in base alle necessit\u00e0 del cliente.<\/p>\n<p><a href=\"https:\/\/www.projit.it\/formazione\/elearning\/scorm\" data-wplink-url-error=\"true\" style=\"color: white;\"><strong>Scopri i nostri SCORM &gt;<\/strong><\/a><\/p>\n<p><strong><\/strong><\/p>\n<p>[\/et_pb_accordion_item][\/et_pb_accordion][\/et_pb_column][\/et_pb_row][\/et_pb_section]<\/p>\n","protected":false},"excerpt":{"rendered":"<p>Projit \u00e8 da sempre &#8220;pioniere&#8221; nell&#8217;organizzazione di percorsi di formazione asincrona,E-learning, sia sulle nostre piattaforme dedicate SMARTELEARNING, sia implementando corsi a catalogo o progettati ad[&#8230;]<br \/> <a class=\"read-more\" href=\"https:\/\/www.projit.it\/formazione\/elearning\/\">Continua a leggere &raquo;<\/a><\/p>\n","protected":false},"author":1,"featured_media":0,"parent":315,"menu_order":0,"comment_status":"closed","ping_status":"closed","template":"","meta":{"_acf_changed":false,"_et_pb_use_builder":"on","_et_pb_old_content":"<!-- wp:paragraph -->\r\n<p>Questa \u00e8 una pagina di esempio. Differisce da un articolo di un blog perch\u00e9 rimane sempre allo stesso posto e (in molti temi) appare nel menu di navigazione. Molte persone iniziano con una pagina di Informazioni che li presentano ai visitatori del sito. Potrebbe apparire una presentazione del tipo:<\/p>\r\n<!-- \/wp:paragraph -->\r\n\r\n<!-- wp:quote -->\r\n<blockquote class=\"wp-block-quote\"><!-- wp:paragraph -->\r\n<p>Ciao! Sono un fattorino ciclista di giorno, aspirante attore di notte e questo \u00e8 il mio sito web. Vivo a Los Angeles, ho un grande cane di nome Jack e mi piace la pi\u00f1a colada. (E prendere la pioggia)<\/p>\r\n<!-- \/wp:paragraph --><\/blockquote>\r\n<!-- \/wp:quote -->\r\n\r\n<!-- wp:paragraph -->\r\n<p>...o qualcosa di simile:<\/p>\r\n<!-- \/wp:paragraph -->\r\n\r\n<!-- wp:quote -->\r\n<blockquote class=\"wp-block-quote\"><!-- wp:paragraph -->\r\n<p>La Societ\u00e0 XYZ Aggeggi \u00e8 stata fondata nel 1971 e da allora fornisce al pubblico aggeggi di ottima qualit\u00e0. Situata a Fantasilandia, XYZ impiega oltre 2.000 persone e realizza ogni sorta di aggeggio fantastico per la comunit\u00e0 di Fantasilandia.<\/p>\r\n<!-- \/wp:paragraph --><\/blockquote>\r\n<!-- \/wp:quote -->\r\n\r\n<!-- wp:paragraph -->\r\n<p>Come nuovo utente di WordPress, dovresti andare nella tua <a href=\"https:\/\/www.projit.it\/formazione\/wp-admin\/\">Bacheca<\/a> per eliminare questa pagina, e crearne delle nuove per i tuoi contenuti. Divertiti!<\/p>\r\n<!-- \/wp:paragraph -->","_et_gb_content_width":"","_mc_calendar":[],"footnotes":""},"difl_page_category":[],"class_list":["post-250640","page","type-page","status-publish","hentry"],"acf":[],"yoast_head":"<!-- This site is optimized with the Yoast SEO Premium plugin v26.8 (Yoast SEO v27.5) - https:\/\/yoast.com\/product\/yoast-seo-premium-wordpress\/ -->\n<title>E-learning - Projit - Formazione<\/title>\n<meta name=\"robots\" content=\"index, follow, max-snippet:-1, max-image-preview:large, max-video-preview:-1\" \/>\n<link rel=\"canonical\" href=\"https:\/\/www.projit.it\/formazione\/elearning\/\" \/>\n<meta property=\"og:locale\" content=\"it_IT\" \/>\n<meta property=\"og:type\" content=\"article\" \/>\n<meta property=\"og:title\" content=\"E-learning\" \/>\n<meta property=\"og:description\" content=\"Projit \u00e8 da sempre &quot;pioniere&quot; nell&#039;organizzazione di percorsi di formazione asincrona,E-learning, sia sulle nostre piattaforme dedicate SMARTELEARNING, sia implementando corsi a catalogo o progettati ad[...] Continua a leggere &raquo;\" \/>\n<meta property=\"og:url\" content=\"https:\/\/www.projit.it\/formazione\/elearning\/\" \/>\n<meta property=\"og:site_name\" content=\"Projit - Formazione\" \/>\n<meta property=\"article:modified_time\" content=\"2025-03-14T14:33:39+00:00\" \/>\n<meta name=\"twitter:card\" content=\"summary_large_image\" \/>\n<meta name=\"twitter:label1\" content=\"Tempo di lettura stimato\" \/>\n\t<meta name=\"twitter:data1\" content=\"2 minuti\" \/>\n<!-- \/ Yoast SEO Premium plugin. -->","yoast_head_json":{"title":"E-learning - Projit - Formazione","robots":{"index":"index","follow":"follow","max-snippet":"max-snippet:-1","max-image-preview":"max-image-preview:large","max-video-preview":"max-video-preview:-1"},"canonical":"https:\/\/www.projit.it\/formazione\/elearning\/","og_locale":"it_IT","og_type":"article","og_title":"E-learning","og_description":"Projit \u00e8 da sempre \"pioniere\" nell'organizzazione di percorsi di formazione asincrona,E-learning, sia sulle nostre piattaforme dedicate SMARTELEARNING, sia implementando corsi a catalogo o progettati ad[...] Continua a leggere &raquo;","og_url":"https:\/\/www.projit.it\/formazione\/elearning\/","og_site_name":"Projit - Formazione","article_modified_time":"2025-03-14T14:33:39+00:00","twitter_card":"summary_large_image","twitter_misc":{"Tempo di lettura stimato":"2 minuti"},"schema":{"@context":"https:\/\/schema.org","@graph":[{"@type":"WebPage","@id":"https:\/\/www.projit.it\/formazione\/elearning\/","url":"https:\/\/www.projit.it\/formazione\/elearning\/","name":"E-learning - Projit - Formazione","isPartOf":{"@id":"https:\/\/www.projit.it\/formazione\/#website"},"datePublished":"2025-03-14T12:14:21+00:00","dateModified":"2025-03-14T14:33:39+00:00","breadcrumb":{"@id":"https:\/\/www.projit.it\/formazione\/elearning\/#breadcrumb"},"inLanguage":"it-IT","potentialAction":[{"@type":"ReadAction","target":["https:\/\/www.projit.it\/formazione\/elearning\/"]}]},{"@type":"BreadcrumbList","@id":"https:\/\/www.projit.it\/formazione\/elearning\/#breadcrumb","itemListElement":[{"@type":"ListItem","position":1,"name":"Home","item":"https:\/\/www.projit.it\/"},{"@type":"ListItem","position":2,"name":"Formazione","item":"https:\/\/www.projit.it\/formazione\/"},{"@type":"ListItem","position":3,"name":"Home","item":"https:\/\/www.projit.it\/formazione\/"},{"@type":"ListItem","position":4,"name":"E-learning"}]},{"@type":"WebSite","@id":"https:\/\/www.projit.it\/formazione\/#website","url":"https:\/\/www.projit.it\/formazione\/","name":"Projit - Formazione","description":"Persone, Idee, Soluzioni","potentialAction":[{"@type":"SearchAction","target":{"@type":"EntryPoint","urlTemplate":"https:\/\/www.projit.it\/formazione\/?s={search_term_string}"},"query-input":{"@type":"PropertyValueSpecification","valueRequired":true,"valueName":"search_term_string"}}],"inLanguage":"it-IT"}]}},"_links":{"self":[{"href":"https:\/\/www.projit.it\/formazione\/wp-json\/wp\/v2\/pages\/250640","targetHints":{"allow":["GET"]}}],"collection":[{"href":"https:\/\/www.projit.it\/formazione\/wp-json\/wp\/v2\/pages"}],"about":[{"href":"https:\/\/www.projit.it\/formazione\/wp-json\/wp\/v2\/types\/page"}],"author":[{"embeddable":true,"href":"https:\/\/www.projit.it\/formazione\/wp-json\/wp\/v2\/users\/1"}],"replies":[{"embeddable":true,"href":"https:\/\/www.projit.it\/formazione\/wp-json\/wp\/v2\/comments?post=250640"}],"version-history":[{"count":19,"href":"https:\/\/www.projit.it\/formazione\/wp-json\/wp\/v2\/pages\/250640\/revisions"}],"predecessor-version":[{"id":316934,"href":"https:\/\/www.projit.it\/formazione\/wp-json\/wp\/v2\/pages\/250640\/revisions\/316934"}],"up":[{"embeddable":true,"href":"https:\/\/www.projit.it\/formazione\/wp-json\/wp\/v2\/pages\/315"}],"wp:attachment":[{"href":"https:\/\/www.projit.it\/formazione\/wp-json\/wp\/v2\/media?parent=250640"}],"wp:term":[{"taxonomy":"difl_page_category","embeddable":true,"href":"https:\/\/www.projit.it\/formazione\/wp-json\/wp\/v2\/difl_page_category?post=250640"}],"curies":[{"name":"wp","href":"https:\/\/api.w.org\/{rel}","templated":true}]}}