{"id":250687,"date":"2025-03-13T12:35:42","date_gmt":"2025-03-13T11:35:42","guid":{"rendered":"https:\/\/www.projit.it\/informatica\/?page_id=250687"},"modified":"2025-03-13T12:35:42","modified_gmt":"2025-03-13T11:35:42","slug":"sistemi-e-voting","status":"publish","type":"page","link":"https:\/\/www.projit.it\/informatica\/sistemi-e-voting\/","title":{"rendered":"Sistemi di E-Voting"},"content":{"rendered":"<p>[et_pb_section fb_built=&#8221;1&#8243; fullwidth=&#8221;on&#8221; _builder_version=&#8221;4.27.2&#8243; _module_preset=&#8221;default&#8221; background_color=&#8221;#d6d6d6&#8243; custom_padding=&#8221;||0px|||&#8221; hover_enabled=&#8221;0&#8243; locked=&#8221;off&#8221; global_colors_info=&#8221;{}&#8221; custom_margin_last_edited=&#8221;on|phone&#8221; sticky_enabled=&#8221;0&#8243; custom_margin_tablet=&#8221;45px||||false|false&#8221; custom_margin_phone=&#8221;45px||||false|false&#8221;][et_pb_fullwidth_image src=&#8221;https:\/\/www.projit.it\/informatica\/wp-content\/uploads\/sites\/6\/2024\/12\/Sistema-di-evoting-immagine.jpg&#8221; alt=&#8221;Sistema di evoting immagine&#8221; title_text=&#8221;Sistema di evoting immagine&#8221; _builder_version=&#8221;4.27.4&#8243; _module_preset=&#8221;default&#8221; width=&#8221;70%&#8221; max_width=&#8221;80%&#8221; module_alignment=&#8221;center&#8221; global_colors_info=&#8221;{}&#8221;][\/et_pb_fullwidth_image][\/et_pb_section][et_pb_section fb_built=&#8221;1&#8243; _builder_version=&#8221;4.27.2&#8243; _module_preset=&#8221;default&#8221; custom_margin=&#8221;-36px|||||&#8221; custom_padding=&#8221;40px|||||&#8221; hover_enabled=&#8221;0&#8243; locked=&#8221;off&#8221; global_colors_info=&#8221;{}&#8221; custom_margin_last_edited=&#8221;on|phone&#8221; sticky_enabled=&#8221;0&#8243; custom_margin_tablet=&#8221;0px||||false|false&#8221; custom_margin_phone=&#8221;0px||||false|false&#8221;][et_pb_row _builder_version=&#8221;4.27.0&#8243; _module_preset=&#8221;default&#8221; min_height=&#8221;492px&#8221; custom_margin=&#8221;-32px|auto||auto||&#8221; custom_padding=&#8221;53px|||||&#8221; global_colors_info=&#8221;{}&#8221;][et_pb_column type=&#8221;4_4&#8243; _builder_version=&#8221;4.27.0&#8243; _module_preset=&#8221;default&#8221; pac_dcm_carousel_specific_module_num=&#8221;0&#8243; global_colors_info=&#8221;{}&#8221;][et_pb_heading title=&#8221;Il voto elettronico, semplice e sicuro&#8221; _builder_version=&#8221;4.27.4&#8243; _module_preset=&#8221;default&#8221; title_font=&#8221;|700|||||||&#8221; title_text_color=&#8221;#c00418&#8243; global_colors_info=&#8221;{}&#8221;][\/et_pb_heading][et_pb_text _builder_version=&#8221;4.27.0&#8243; _module_preset=&#8221;default&#8221; text_font=&#8221;|&#8211;et_global_body_font_weight|||||||&#8221; text_font_size=&#8221;20px&#8221; custom_margin=&#8221;||20px||false|false&#8221; custom_padding=&#8221;||19px|||&#8221; global_colors_info=&#8221;{}&#8221;]<\/p>\n<p><strong>Projit <\/strong>\u00e8 specializzata nella creazione ed implementazione di <strong>sistemi di votazione elettronica<\/strong>, dal semplice <strong>sondaggio<\/strong> alle soluzioni pi\u00f9 complesse per <strong>l&#8217;organizzazione e la gestione delle attivit\u00e0 elettorali<\/strong> ed assembleari elettive, garantendo <span>un <strong>sistema sicuro<\/strong> che elimina la <strong>mutabilit\u00e0 del voto<\/strong> e <strong>assicura l\u2019espressione di un solo voto<\/strong> per votante (<strong>Privacy by Design<\/strong>).<\/span>\u00a0<\/p>\n<p>Le molteplici realt\u00e0 dei nostri clienti, dagli <strong>ordini professionali<\/strong>, alle <strong>federazioni sportive, alle<\/strong>\u00a0<strong>associazioni <\/strong>come<strong> Confindustria<\/strong> e i <strong>sindacati<\/strong>, ci hanno permesso di sviluppare <strong>sistemi di voto elettronico<\/strong><span>\u00a0personalizzabili, in modo da declinare sempre il <strong>proprio modello di votazione<\/strong><\/span> alle necessit\u00e0 operative ed aziendali.<\/p>\n<p>Le nostre <strong>piattaforme di voto<\/strong>, infatti, <span>possono pertanto <strong>operare su qualsiasi tipo di realt\u00e0<\/strong>, da quelle pubbliche a quelle private o consortili, grazie ad un<strong> sistema trasparente<\/strong> che garantisce la pubblicazione di <strong>tutte le specifiche<\/strong> e le <strong>regole utilizzate<\/strong>, consentendo di <strong>controllare l\u2019esito della transazione di voto<\/strong> in qualsiasi momento.<\/span><\/p>\n<p><span><\/span><\/p>\n<p>[\/et_pb_text][\/et_pb_column][\/et_pb_row][\/et_pb_section][et_pb_section fb_built=&#8221;1&#8243; _builder_version=&#8221;4.27.4&#8243; _module_preset=&#8221;default&#8221; background_color=&#8221;#FFFFFF&#8221; custom_margin=&#8221;-173px|||||&#8221; custom_padding=&#8221;13px||12px|||&#8221; locked=&#8221;off&#8221; global_colors_info=&#8221;{}&#8221;][et_pb_row _builder_version=&#8221;4.27.2&#8243; _module_preset=&#8221;default&#8221; custom_margin=&#8221;|auto|110px|auto||&#8221; custom_padding=&#8221;0px|||||&#8221; global_colors_info=&#8221;{}&#8221;][et_pb_column type=&#8221;4_4&#8243; _builder_version=&#8221;4.27.0&#8243; _module_preset=&#8221;default&#8221; pac_dcm_carousel_specific_module_num=&#8221;0&#8243; global_colors_info=&#8221;{}&#8221;][et_pb_accordion _builder_version=&#8221;4.27.2&#8243; _module_preset=&#8221;default&#8221; custom_margin=&#8221;-6px||||false|false&#8221; global_colors_info=&#8221;{}&#8221;][et_pb_accordion_item title=&#8221;\u00c8 sicuro il voto online? &#8221; open=&#8221;on&#8221; closed_toggle_background_color=&#8221;#b80718&#8243; _builder_version=&#8221;4.27.4&#8243; _module_preset=&#8221;default&#8221; body_font=&#8221;|&#8211;et_global_body_font_weight|||||||&#8221; body_text_color=&#8221;#FFFFFF&#8221; body_font_size=&#8221;20px&#8221; background_color=&#8221;#b80718&#8243; background_enable_color=&#8221;on&#8221; link_option_url=&#8221;Scopri la piattaforma LMS Didactica&#8221; link_option_url_new_window=&#8221;on&#8221; global_colors_info=&#8221;{}&#8221; toggle_text_color=&#8221;#FFFFFF&#8221; toggle_font=&#8221;|700|||||||&#8221; toggle_font_size=&#8221;26px&#8221;]<\/p>\n<p><span>La sicurezza del voto online \u00e8 una delle principali preoccupazioni degli utenti ed \u00e8 perci\u00f2 un pilastro nella produzione delle nostre piattaforme di voto. Per garantire la sicurezza dei votanti, utilizziamo avanzate di cybersecurity e crittografia. Perci\u00f2, tutti i sistemi di voto elettronico di <\/span><strong>Projit<\/strong><span>\u00a0rispettano la\u00a0<\/span><strong>compliance privacy<\/strong><span>, tutelando <strong>i dati dei votanti<\/strong>.<\/span><\/p>\n<p><strong><\/strong><\/p>\n<p>[\/et_pb_accordion_item][et_pb_accordion_item title=&#8221;I risultati sono verificabili?&#8221; closed_toggle_background_color=&#8221;#b80718&#8243; _builder_version=&#8221;4.27.2&#8243; _module_preset=&#8221;default&#8221; body_font=&#8221;|&#8211;et_global_body_font_weight|||||||&#8221; body_text_color=&#8221;#FFFFFF&#8221; body_font_size=&#8221;20px&#8221; background_color=&#8221;#b80718&#8243; background_enable_color=&#8221;on&#8221; global_colors_info=&#8221;{}&#8221; toggle_text_color=&#8221;#FFFFFF&#8221; toggle_font=&#8221;|700|||||||&#8221; toggle_font_size=&#8221;26px&#8221; open=&#8221;off&#8221;]<\/p>\n<p><span>La verificabilit\u00e0 consente di individuare le possibili modifiche dei voti, pur mantenendo l&#8217;anonimato e la segretezza dei votanti. Con i sistemi crittografici moderni per\u00f2, \u00e8 possibile controllare la corretta elaborazione del voto. Infatti, nei sistemi di E-voting di Projit i <strong>risultati della votazione<\/strong>\u00a0sono\u00a0<strong>sempre verificabili<\/strong>, insieme alle regole e specifiche di voto<\/span><\/p>\n<p><strong><\/strong><\/p>\n<p>[\/et_pb_accordion_item][et_pb_accordion_item title=&#8221;Chi pu\u00f2 usufruire dei sistemi di E-voting?&#8221; closed_toggle_background_color=&#8221;#b80718&#8243; _builder_version=&#8221;4.27.2&#8243; _module_preset=&#8221;default&#8221; body_font=&#8221;|&#8211;et_global_body_font_weight|||||||&#8221; body_text_color=&#8221;#FFFFFF&#8221; body_font_size=&#8221;20px&#8221; background_color=&#8221;#b80718&#8243; background_enable_color=&#8221;on&#8221; global_colors_info=&#8221;{}&#8221; toggle_text_color=&#8221;#FFFFFF&#8221; toggle_font=&#8221;|700|||||||&#8221; toggle_font_size=&#8221;26px&#8221; open=&#8221;off&#8221;]<\/p>\n<p><span>Tutte le organizzazioni pubbliche e private che prevedono votazioni, elezioni e assemblee possono usufruire die sistemi di<strong> E-voting Projit<\/strong><\/span><span>. Abbiamo aiutato a implementare sistemi di voto online in <strong>aziende private, sindacati, associazioni, cooperative, comuni<\/strong> e tutti gli enti che si sono affidati ai nostri servizi!<\/span><\/p>\n<p><span><\/span><\/p>\n<p>[\/et_pb_accordion_item][\/et_pb_accordion][\/et_pb_column][\/et_pb_row][\/et_pb_section]<\/p>\n","protected":false},"excerpt":{"rendered":"<p>Projit \u00e8 specializzata nella creazione ed implementazione di sistemi di votazione elettronica, dal semplice sondaggio alle soluzioni pi\u00f9 complesse per l&#8217;organizzazione e la gestione delle[&#8230;]<br \/> <a class=\"read-more\" href=\"https:\/\/www.projit.it\/informatica\/sistemi-e-voting\/\">Continua a leggere &raquo;<\/a><\/p>\n","protected":false},"author":1,"featured_media":0,"parent":7,"menu_order":0,"comment_status":"closed","ping_status":"closed","template":"","meta":{"_acf_changed":false,"_et_pb_use_builder":"on","_et_pb_old_content":"","_et_gb_content_width":"","footnotes":""},"difl_page_category":[],"class_list":["post-250687","page","type-page","status-publish","hentry"],"acf":[],"yoast_head":"<!-- This site is optimized with the Yoast SEO Premium plugin v26.8 (Yoast SEO v27.5) - https:\/\/yoast.com\/product\/yoast-seo-premium-wordpress\/ -->\n<title>Sistemi di E-Voting - Projit - Informatica<\/title>\n<meta name=\"description\" content=\"Restyling siti esistenti, realizzazione di siti web in Wordpress, blog e portali aziendali, e-commerce, landing pages, CRM, SEO.\" \/>\n<meta name=\"robots\" content=\"index, follow, max-snippet:-1, max-image-preview:large, max-video-preview:-1\" \/>\n<link rel=\"canonical\" href=\"https:\/\/www.projit.it\/informatica\/sistemi-e-voting\/\" \/>\n<meta property=\"og:locale\" content=\"it_IT\" \/>\n<meta property=\"og:type\" content=\"article\" \/>\n<meta property=\"og:title\" content=\"Sistemi di E-Voting\" \/>\n<meta property=\"og:description\" content=\"Restyling siti esistenti, realizzazione di siti web in Wordpress, blog e portali aziendali, e-commerce, landing pages, CRM, SEO.\" \/>\n<meta property=\"og:url\" content=\"https:\/\/www.projit.it\/informatica\/sistemi-e-voting\/\" \/>\n<meta property=\"og:site_name\" content=\"Projit - Informatica\" \/>\n<meta name=\"twitter:card\" content=\"summary_large_image\" \/>\n<meta name=\"twitter:label1\" content=\"Tempo di lettura stimato\" \/>\n\t<meta name=\"twitter:data1\" content=\"2 minuti\" \/>\n<!-- \/ Yoast SEO Premium plugin. -->","yoast_head_json":{"title":"Sistemi di E-Voting - Projit - Informatica","description":"Restyling siti esistenti, realizzazione di siti web in Wordpress, blog e portali aziendali, e-commerce, landing pages, CRM, SEO.","robots":{"index":"index","follow":"follow","max-snippet":"max-snippet:-1","max-image-preview":"max-image-preview:large","max-video-preview":"max-video-preview:-1"},"canonical":"https:\/\/www.projit.it\/informatica\/sistemi-e-voting\/","og_locale":"it_IT","og_type":"article","og_title":"Sistemi di E-Voting","og_description":"Restyling siti esistenti, realizzazione di siti web in Wordpress, blog e portali aziendali, e-commerce, landing pages, CRM, SEO.","og_url":"https:\/\/www.projit.it\/informatica\/sistemi-e-voting\/","og_site_name":"Projit - Informatica","twitter_card":"summary_large_image","twitter_misc":{"Tempo di lettura stimato":"2 minuti"},"schema":{"@context":"https:\/\/schema.org","@graph":[{"@type":"WebPage","@id":"https:\/\/www.projit.it\/informatica\/sistemi-e-voting\/","url":"https:\/\/www.projit.it\/informatica\/sistemi-e-voting\/","name":"Sistemi di E-Voting - Projit - Informatica","isPartOf":{"@id":"https:\/\/www.projit.it\/informatica\/#website"},"datePublished":"2025-03-13T11:35:42+00:00","description":"Restyling siti esistenti, realizzazione di siti web in Wordpress, blog e portali aziendali, e-commerce, landing pages, CRM, SEO.","breadcrumb":{"@id":"https:\/\/www.projit.it\/informatica\/sistemi-e-voting\/#breadcrumb"},"inLanguage":"it-IT","potentialAction":[{"@type":"ReadAction","target":["https:\/\/www.projit.it\/informatica\/sistemi-e-voting\/"]}]},{"@type":"BreadcrumbList","@id":"https:\/\/www.projit.it\/informatica\/sistemi-e-voting\/#breadcrumb","itemListElement":[{"@type":"ListItem","position":1,"name":"Home","item":"https:\/\/www.projit.it\/"},{"@type":"ListItem","position":2,"name":"Informatica","item":"https:\/\/www.projit.it\/informatica\/"},{"@type":"ListItem","position":3,"name":"Sviluppo Software","item":"https:\/\/www.projit.it\/informatica\/?page_id=7"},{"@type":"ListItem","position":4,"name":"Sistemi di E-Voting"}]},{"@type":"WebSite","@id":"https:\/\/www.projit.it\/informatica\/#website","url":"https:\/\/www.projit.it\/informatica\/","name":"Projit - Informatica","description":"Persone, Idee, Soluzioni","potentialAction":[{"@type":"SearchAction","target":{"@type":"EntryPoint","urlTemplate":"https:\/\/www.projit.it\/informatica\/?s={search_term_string}"},"query-input":{"@type":"PropertyValueSpecification","valueRequired":true,"valueName":"search_term_string"}}],"inLanguage":"it-IT"}]}},"_links":{"self":[{"href":"https:\/\/www.projit.it\/informatica\/wp-json\/wp\/v2\/pages\/250687","targetHints":{"allow":["GET"]}}],"collection":[{"href":"https:\/\/www.projit.it\/informatica\/wp-json\/wp\/v2\/pages"}],"about":[{"href":"https:\/\/www.projit.it\/informatica\/wp-json\/wp\/v2\/types\/page"}],"author":[{"embeddable":true,"href":"https:\/\/www.projit.it\/informatica\/wp-json\/wp\/v2\/users\/1"}],"replies":[{"embeddable":true,"href":"https:\/\/www.projit.it\/informatica\/wp-json\/wp\/v2\/comments?post=250687"}],"version-history":[{"count":4,"href":"https:\/\/www.projit.it\/informatica\/wp-json\/wp\/v2\/pages\/250687\/revisions"}],"predecessor-version":[{"id":277718,"href":"https:\/\/www.projit.it\/informatica\/wp-json\/wp\/v2\/pages\/250687\/revisions\/277718"}],"up":[{"embeddable":true,"href":"https:\/\/www.projit.it\/informatica\/wp-json\/wp\/v2\/pages\/7"}],"wp:attachment":[{"href":"https:\/\/www.projit.it\/informatica\/wp-json\/wp\/v2\/media?parent=250687"}],"wp:term":[{"taxonomy":"difl_page_category","embeddable":true,"href":"https:\/\/www.projit.it\/informatica\/wp-json\/wp\/v2\/difl_page_category?post=250687"}],"curies":[{"name":"wp","href":"https:\/\/api.w.org\/{rel}","templated":true}]}}