{"id":309,"date":"2025-03-14T12:07:16","date_gmt":"2025-03-14T11:07:16","guid":{"rendered":"https:\/\/www.projit.it\/protezione-dati\/?page_id=309"},"modified":"2025-04-03T17:37:18","modified_gmt":"2025-04-03T15:37:18","slug":"audit-assestment","status":"publish","type":"page","link":"https:\/\/www.projit.it\/protezione-dati\/audit-assestment\/","title":{"rendered":"Audit &#038; Assestment"},"content":{"rendered":"<p>[et_pb_section fb_built=&#8221;1&#8243; fullwidth=&#8221;on&#8221; _builder_version=&#8221;4.27.2&#8243; _module_preset=&#8221;default&#8221; background_color=&#8221;#d6d6d6&#8243; custom_margin_tablet=&#8221;45px||||false|false&#8221; custom_margin_phone=&#8221;45px||||false|false&#8221; custom_margin_last_edited=&#8221;on|phone&#8221; global_colors_info=&#8221;{}&#8221;][et_pb_fullwidth_image src=&#8221;https:\/\/www.projit.it\/protezione-dati\/wp-content\/uploads\/sites\/4\/2025\/01\/Audit-assessment-immagine.jpg&#8221; alt=&#8221;Audit &#038; Assessment immagine&#8221; title_text=&#8221;Audit &#038; Assessment immagine&#8221; _builder_version=&#8221;4.27.2&#8243; _module_preset=&#8221;default&#8221; background_color=&#8221;#efefef&#8221; width=&#8221;70%&#8221; max_width=&#8221;100%&#8221; module_alignment=&#8221;center&#8221; hover_enabled=&#8221;0&#8243; locked=&#8221;off&#8221; global_colors_info=&#8221;{}&#8221; width_last_edited=&#8221;on|tablet&#8221; sticky_enabled=&#8221;0&#8243; width_tablet=&#8221;100%&#8221; width_phone=&#8221;100%&#8221;][\/et_pb_fullwidth_image][\/et_pb_section][et_pb_section fb_built=&#8221;1&#8243; _builder_version=&#8221;4.27.2&#8243; _module_preset=&#8221;default&#8221; custom_margin=&#8221;-36px|||||&#8221; custom_margin_tablet=&#8221;0px||||false|false&#8221; custom_margin_phone=&#8221;0px||||false|false&#8221; custom_margin_last_edited=&#8221;on|phone&#8221; custom_padding=&#8221;40px||77px|||&#8221; locked=&#8221;off&#8221; global_colors_info=&#8221;{}&#8221;][et_pb_row _builder_version=&#8221;4.27.0&#8243; _module_preset=&#8221;default&#8221; min_height=&#8221;498px&#8221; custom_margin=&#8221;-32px|auto|-110px|auto||&#8221; custom_padding=&#8221;53px||0px|||&#8221; global_colors_info=&#8221;{}&#8221;][et_pb_column type=&#8221;4_4&#8243; _builder_version=&#8221;4.27.0&#8243; _module_preset=&#8221;default&#8221; pac_dcm_carousel_specific_module_num=&#8221;0&#8243; global_colors_info=&#8221;{}&#8221;][et_pb_heading title=&#8221;Audit e revisione politiche di privacy e protezione dei dati&#8221; _builder_version=&#8221;4.27.0&#8243; _module_preset=&#8221;default&#8221; title_font=&#8221;|700|||||||&#8221; title_text_color=&#8221;#c00418&#8243; global_colors_info=&#8221;{}&#8221;][\/et_pb_heading][et_pb_text _builder_version=&#8221;4.27.0&#8243; _module_preset=&#8221;default&#8221; text_font=&#8221;|&#8211;et_global_body_font_weight|||||||&#8221; text_font_size=&#8221;20px&#8221; custom_margin=&#8221;||20px||false|false&#8221; custom_padding=&#8221;||12px|||&#8221; global_colors_info=&#8221;{}&#8221;]<\/p>\n<p>Grazie al servizio di <strong>audit e di assessment<\/strong>, nell&#8217;ambito della normativa sulla privacy, offriamo un valido strumento per valutare la conformit\u00e0 aziendale sotto il profilo del trattamento dei <strong>dati personali<\/strong>.<\/p>\n<p>Projit infatti dispone di <strong>auditors e esperti di data protection<\/strong> preparati e certificati, con competenze non solo in <strong>campo giuridico<\/strong> ma anche nei <strong>sistemi di processo organizzativo<\/strong> e delle <strong>pi\u00f9 moderne tecnologiche<\/strong>.<\/p>\n<p>Eseguiamo quindi <strong>audit di prima e seconda parte<\/strong>, <strong>revisioni delle politiche di privacy<\/strong> aziendali e <strong>verifiche tecnico-specialistiche<\/strong> p<span>er garantire la <strong>conformit\u00e0 con le linee guida imposte dal Garante<\/strong> <strong>della Privacy<\/strong> per il trattamento dei dati personali di dipendenti, collaboratori e clienti.<\/span><span><\/span><\/p>\n<p><span><\/span><\/p>\n<p>[\/et_pb_text][\/et_pb_column][\/et_pb_row][\/et_pb_section][et_pb_section fb_built=&#8221;1&#8243; _builder_version=&#8221;4.27.4&#8243; _module_preset=&#8221;default&#8221; background_color=&#8221;#FFFFFF&#8221; min_height=&#8221;0px&#8221; custom_margin=&#8221;-129px||||false|false&#8221; custom_padding=&#8221;26px||12px||false|false&#8221; locked=&#8221;off&#8221; global_colors_info=&#8221;{}&#8221;][et_pb_row _builder_version=&#8221;4.27.0&#8243; _module_preset=&#8221;default&#8221; custom_margin=&#8221;|auto|110px|auto||&#8221; custom_padding=&#8221;1px|||||&#8221; global_colors_info=&#8221;{}&#8221;][et_pb_column type=&#8221;4_4&#8243; _builder_version=&#8221;4.27.0&#8243; _module_preset=&#8221;default&#8221; pac_dcm_carousel_specific_module_num=&#8221;0&#8243; global_colors_info=&#8221;{}&#8221;][et_pb_accordion _builder_version=&#8221;4.27.4&#8243; _module_preset=&#8221;default&#8221; custom_margin=&#8221;||||false|false&#8221; global_colors_info=&#8221;{}&#8221;][et_pb_accordion_item title=&#8221;Audit di Prima Parte&#8221; open=&#8221;on&#8221; closed_toggle_background_color=&#8221;#b80718&#8243; _builder_version=&#8221;4.27.0&#8243; _module_preset=&#8221;default&#8221; body_font=&#8221;|&#8211;et_global_body_font_weight|||||||&#8221; body_text_color=&#8221;#FFFFFF&#8221; body_font_size=&#8221;20px&#8221; background_color=&#8221;#b80718&#8243; background_enable_color=&#8221;on&#8221; global_colors_info=&#8221;{}&#8221; toggle_text_color=&#8221;#FFFFFF&#8221; toggle_font=&#8221;|700|||||||&#8221; toggle_font_size=&#8221;26px&#8221;]<\/p>\n<p>Un audit di prima parte consiste nel monitoraggio concepito dall\u2019azienda stessa, attraverso il proprio personale interno, formato appositamente in questo ruolo, o grazie all&#8217;aiuto di consulenti esterni. Le verifiche vengono compiute internamente, e possono incorrere in problematiche di imparzialit\u00e0.\u00a0<\/p>\n<p>[\/et_pb_accordion_item][et_pb_accordion_item title=&#8221;Audit di Seconda Parte&#8221; closed_toggle_background_color=&#8221;#b80718&#8243; _builder_version=&#8221;4.27.0&#8243; _module_preset=&#8221;default&#8221; body_font=&#8221;|&#8211;et_global_body_font_weight|||||||&#8221; body_text_color=&#8221;#FFFFFF&#8221; body_font_size=&#8221;20px&#8221; background_color=&#8221;#b80718&#8243; background_enable_color=&#8221;on&#8221; global_colors_info=&#8221;{}&#8221; toggle_text_color=&#8221;#FFFFFF&#8221; toggle_font=&#8221;|700|||||||&#8221; toggle_font_size=&#8221;26px&#8221; open=&#8221;off&#8221;]<\/p>\n<p>L\u2019audit di seconda parte, al contrario, \u00e8 concepita con l&#8217;organizzazione di verifiche da parte dei clienti aziendali sull&#8217;azienda. Il cliente in casi simili, potrebbe essere sia un soggetto che ha competenze di verifica, per svolgere tale audit; sia, di un consulente che ha le abilit\u00e0 necessarie per farlo.<\/p>\n<p>[\/et_pb_accordion_item][et_pb_accordion_item title=&#8221;Audit di Terza Parte&#8221; closed_toggle_background_color=&#8221;#b80718&#8243; _builder_version=&#8221;4.27.0&#8243; _module_preset=&#8221;default&#8221; body_font=&#8221;|&#8211;et_global_body_font_weight|||||||&#8221; body_text_color=&#8221;#FFFFFF&#8221; body_font_size=&#8221;20px&#8221; background_color=&#8221;#b80718&#8243; background_enable_color=&#8221;on&#8221; global_colors_info=&#8221;{}&#8221; toggle_text_color=&#8221;#FFFFFF&#8221; toggle_font=&#8221;|700|||||||&#8221; toggle_font_size=&#8221;26px&#8221; open=&#8221;off&#8221;]<\/p>\n<p>In questa tipologia di audit, le verifiche e le analisi vengono condotte da un organismo di certificazione indipendente e appunto &#8220;terzo&#8221;. Non essendo n\u00e9 interni all&#8217;azienda n\u00e9 clienti, bens\u00ec soggetti completamente esterni all&#8217;azienda, questa tipologia di audit garantisce la maggior imparzialit\u00e0 possibile.\u00a0<\/p>\n<p>[\/et_pb_accordion_item][\/et_pb_accordion][\/et_pb_column][\/et_pb_row][\/et_pb_section]<\/p>\n","protected":false},"excerpt":{"rendered":"<p>Grazie al servizio di audit e di assessment, nell&#8217;ambito della normativa sulla privacy, offriamo un valido strumento per valutare la conformit\u00e0 aziendale sotto il profilo[&#8230;]<br \/> <a class=\"read-more\" href=\"https:\/\/www.projit.it\/protezione-dati\/audit-assestment\/\">Continua a leggere &raquo;<\/a><\/p>\n","protected":false},"author":1,"featured_media":0,"parent":307,"menu_order":0,"comment_status":"closed","ping_status":"closed","template":"","meta":{"_acf_changed":false,"_et_pb_use_builder":"on","_et_pb_old_content":"<!-- wp:divi\/placeholder \/-->","_et_gb_content_width":"","footnotes":""},"difl_page_category":[],"class_list":["post-309","page","type-page","status-publish","hentry"],"acf":[],"yoast_head":"<!-- This site is optimized with the Yoast SEO Premium plugin v26.8 (Yoast SEO v27.3) - https:\/\/yoast.com\/product\/yoast-seo-premium-wordpress\/ -->\n<title>Audit &amp; Assestment - Projit - Protezione dati<\/title>\n<meta name=\"description\" content=\"Eseguiamo Audit di prima e seconda parte , assessment privacy di conformit\u00e0 e verifiche tecnico-specialistiche.\" \/>\n<meta name=\"robots\" content=\"index, follow, max-snippet:-1, max-image-preview:large, max-video-preview:-1\" \/>\n<link rel=\"canonical\" href=\"https:\/\/www.projit.it\/protezione-dati\/audit-assestment\/\" \/>\n<meta property=\"og:locale\" content=\"it_IT\" \/>\n<meta property=\"og:type\" content=\"article\" \/>\n<meta property=\"og:title\" content=\"Audit &amp; Assestment\" \/>\n<meta property=\"og:description\" content=\"Eseguiamo Audit di prima e seconda parte , assessment privacy di conformit\u00e0 e verifiche tecnico-specialistiche.\" \/>\n<meta property=\"og:url\" content=\"https:\/\/www.projit.it\/protezione-dati\/audit-assestment\/\" \/>\n<meta property=\"og:site_name\" content=\"Projit - Protezione dati\" \/>\n<meta property=\"article:modified_time\" content=\"2025-04-03T15:37:18+00:00\" \/>\n<meta name=\"twitter:card\" content=\"summary_large_image\" \/>\n<meta name=\"twitter:label1\" content=\"Tempo di lettura stimato\" \/>\n\t<meta name=\"twitter:data1\" content=\"2 minuti\" \/>\n<!-- \/ Yoast SEO Premium plugin. -->","yoast_head_json":{"title":"Audit & Assestment - Projit - Protezione dati","description":"Eseguiamo Audit di prima e seconda parte , assessment privacy di conformit\u00e0 e verifiche tecnico-specialistiche.","robots":{"index":"index","follow":"follow","max-snippet":"max-snippet:-1","max-image-preview":"max-image-preview:large","max-video-preview":"max-video-preview:-1"},"canonical":"https:\/\/www.projit.it\/protezione-dati\/audit-assestment\/","og_locale":"it_IT","og_type":"article","og_title":"Audit & Assestment","og_description":"Eseguiamo Audit di prima e seconda parte , assessment privacy di conformit\u00e0 e verifiche tecnico-specialistiche.","og_url":"https:\/\/www.projit.it\/protezione-dati\/audit-assestment\/","og_site_name":"Projit - Protezione dati","article_modified_time":"2025-04-03T15:37:18+00:00","twitter_card":"summary_large_image","twitter_misc":{"Tempo di lettura stimato":"2 minuti"},"schema":{"@context":"https:\/\/schema.org","@graph":[{"@type":"WebPage","@id":"https:\/\/www.projit.it\/protezione-dati\/audit-assestment\/","url":"https:\/\/www.projit.it\/protezione-dati\/audit-assestment\/","name":"Audit & Assestment - Projit - Protezione dati","isPartOf":{"@id":"https:\/\/www.projit.it\/protezione-dati\/#website"},"datePublished":"2025-03-14T11:07:16+00:00","dateModified":"2025-04-03T15:37:18+00:00","description":"Eseguiamo Audit di prima e seconda parte , assessment privacy di conformit\u00e0 e verifiche tecnico-specialistiche.","breadcrumb":{"@id":"https:\/\/www.projit.it\/protezione-dati\/audit-assestment\/#breadcrumb"},"inLanguage":"it-IT","potentialAction":[{"@type":"ReadAction","target":["https:\/\/www.projit.it\/protezione-dati\/audit-assestment\/"]}]},{"@type":"BreadcrumbList","@id":"https:\/\/www.projit.it\/protezione-dati\/audit-assestment\/#breadcrumb","itemListElement":[{"@type":"ListItem","position":1,"name":"Home","item":"https:\/\/www.projit.it\/"},{"@type":"ListItem","position":2,"name":"Protezione dati","item":"https:\/\/www.projit.it\/protezione-dati\/"},{"@type":"ListItem","position":3,"name":"Home","item":"https:\/\/www.projit.it\/protezione-dati\/"},{"@type":"ListItem","position":4,"name":"Audit &#038; Assestment"}]},{"@type":"WebSite","@id":"https:\/\/www.projit.it\/protezione-dati\/#website","url":"https:\/\/www.projit.it\/protezione-dati\/","name":"Projit - Protezione dati","description":"Persone, Idee, Soluzioni","potentialAction":[{"@type":"SearchAction","target":{"@type":"EntryPoint","urlTemplate":"https:\/\/www.projit.it\/protezione-dati\/?s={search_term_string}"},"query-input":{"@type":"PropertyValueSpecification","valueRequired":true,"valueName":"search_term_string"}}],"inLanguage":"it-IT"}]}},"_links":{"self":[{"href":"https:\/\/www.projit.it\/protezione-dati\/wp-json\/wp\/v2\/pages\/309","targetHints":{"allow":["GET"]}}],"collection":[{"href":"https:\/\/www.projit.it\/protezione-dati\/wp-json\/wp\/v2\/pages"}],"about":[{"href":"https:\/\/www.projit.it\/protezione-dati\/wp-json\/wp\/v2\/types\/page"}],"author":[{"embeddable":true,"href":"https:\/\/www.projit.it\/protezione-dati\/wp-json\/wp\/v2\/users\/1"}],"replies":[{"embeddable":true,"href":"https:\/\/www.projit.it\/protezione-dati\/wp-json\/wp\/v2\/comments?post=309"}],"version-history":[{"count":24,"href":"https:\/\/www.projit.it\/protezione-dati\/wp-json\/wp\/v2\/pages\/309\/revisions"}],"predecessor-version":[{"id":251225,"href":"https:\/\/www.projit.it\/protezione-dati\/wp-json\/wp\/v2\/pages\/309\/revisions\/251225"}],"up":[{"embeddable":true,"href":"https:\/\/www.projit.it\/protezione-dati\/wp-json\/wp\/v2\/pages\/307"}],"wp:attachment":[{"href":"https:\/\/www.projit.it\/protezione-dati\/wp-json\/wp\/v2\/media?parent=309"}],"wp:term":[{"taxonomy":"difl_page_category","embeddable":true,"href":"https:\/\/www.projit.it\/protezione-dati\/wp-json\/wp\/v2\/difl_page_category?post=309"}],"curies":[{"name":"wp","href":"https:\/\/api.w.org\/{rel}","templated":true}]}}