{"id":250670,"date":"2025-03-13T17:10:33","date_gmt":"2025-03-13T16:10:33","guid":{"rendered":"https:\/\/www.projit.it\/salute-sicurezza\/?page_id=250670"},"modified":"2025-04-03T17:27:21","modified_gmt":"2025-04-03T15:27:21","slug":"servizio-rspp","status":"publish","type":"page","link":"https:\/\/www.projit.it\/salute-sicurezza\/servizio-rspp\/","title":{"rendered":"Servizio RSPP"},"content":{"rendered":"<p>[et_pb_section fb_built=&#8221;1&#8243; fullwidth=&#8221;on&#8221; _builder_version=&#8221;4.27.2&#8243; _module_preset=&#8221;default&#8221; background_color=&#8221;#d6d6d6&#8243; custom_margin_tablet=&#8221;45px||||false|false&#8221; custom_margin_phone=&#8221;45px||||false|false&#8221; custom_margin_last_edited=&#8221;on|phone&#8221; custom_padding=&#8221;||0px|||&#8221; locked=&#8221;off&#8221; global_colors_info=&#8221;{}&#8221;][et_pb_fullwidth_image src=&#8221;https:\/\/www.projit.it\/salute-sicurezza\/wp-content\/uploads\/sites\/3\/2024\/10\/RSPP-responsabile-servizio-di-prevenzione-e-protezione.png&#8221; alt=&#8221;RSPP- responsabile servizio di prevenzione e protezione immagine&#8221; title_text=&#8221;RSPP- responsabile servizio di prevenzione e protezione immagine&#8221; _builder_version=&#8221;4.27.2&#8243; _module_preset=&#8221;default&#8221; width=&#8221;70%&#8221; max_width=&#8221;100%&#8221; module_alignment=&#8221;center&#8221; hover_enabled=&#8221;0&#8243; global_colors_info=&#8221;{}&#8221; width_last_edited=&#8221;on|tablet&#8221; sticky_enabled=&#8221;0&#8243; width_tablet=&#8221;100%&#8221; width_phone=&#8221;100%&#8221;][\/et_pb_fullwidth_image][\/et_pb_section][et_pb_section fb_built=&#8221;1&#8243; _builder_version=&#8221;4.27.2&#8243; _module_preset=&#8221;default&#8221; custom_margin=&#8221;-36px|||||&#8221; custom_margin_tablet=&#8221;0px||||false|false&#8221; custom_margin_phone=&#8221;0px||||false|false&#8221; custom_margin_last_edited=&#8221;on|desktop&#8221; custom_padding=&#8221;60px|||||&#8221; locked=&#8221;off&#8221; global_colors_info=&#8221;{}&#8221;][et_pb_row _builder_version=&#8221;4.27.0&#8243; _module_preset=&#8221;default&#8221; min_height=&#8221;492px&#8221; custom_margin=&#8221;-12px|auto||auto||&#8221; custom_padding=&#8221;||0px|||&#8221; global_colors_info=&#8221;{}&#8221;][et_pb_column type=&#8221;4_4&#8243; _builder_version=&#8221;4.27.0&#8243; _module_preset=&#8221;default&#8221; pac_dcm_carousel_specific_module_num=&#8221;0&#8243; global_colors_info=&#8221;{}&#8221;][et_pb_heading title=&#8221;RSPP, un partner chiave per la sicurezza&#8221; _builder_version=&#8221;4.27.2&#8243; _module_preset=&#8221;default&#8221; title_font=&#8221;|700|||||||&#8221; title_text_color=&#8221;#c00418&#8243; global_colors_info=&#8221;{}&#8221;][\/et_pb_heading][et_pb_text _builder_version=&#8221;4.27.2&#8243; _module_preset=&#8221;default&#8221; text_font=&#8221;|&#8211;et_global_body_font_weight|||||||&#8221; text_font_size=&#8221;20px&#8221; custom_margin=&#8221;||20px||false|false&#8221; global_colors_info=&#8221;{}&#8221;]<\/p>\n<p>Nell\u2019ambito della sicurezza sul lavoro, l&#8217;<strong>RSPP<\/strong>, ovvero il <strong>responsabile del servizio prevenzione e protezione<\/strong>, \u00e8 una figura fondamentale per la <strong>gestione ottimale della sicurezza<\/strong> aziendale, ed \u00e8 <strong>nominata dal datore di lavoro<\/strong> con il quale collabora per impostare ed organizzare gli<strong> strumenti e le procedure<\/strong> per la tutela dei lavoratori.<\/p>\n<p>I <strong>nostri esperti RSPP <\/strong>supportano ogni giorno tutte le diverse tipologie di aziende nel rispetto delle normative, nella <strong>valutazione<\/strong> ed <strong>individuazione<\/strong> <strong>dei rischi<\/strong>, nell&#8217;<strong>elaborazione<\/strong> di <strong>misure preventive e protettive<\/strong>, nella <strong>creazione<\/strong> delle <strong>procedure di sicurezza, <\/strong>e nella <strong>preparazione di programmi integrati di formazione ed informazione<\/strong> dei lavoratori.<\/p>\n<p>Grazie alla <strong>flessibilit\u00e0 del servizio<\/strong> offerto, alla dimensione di <strong>collaborazione e oggettivit\u00e0 e di costi competitivi<\/strong> insiti nell&#8217;esternalizzazione del ruolo, il nostro<strong> servizio di RSPP<\/strong>, tenendo conto dei contesti organizzativi, <strong>si adatta alle richieste<\/strong> dell&#8217;azienda cliente, e garantisce la <strong>salute e la sicurezza aziendale<\/strong> trasformando l&#8217;ambiente di lavoro in un luogo<strong> pi\u00f9 sicuro e produttivo<\/strong>.<\/p>\n<p>&nbsp;<\/p>\n<p>[\/et_pb_text][\/et_pb_column][\/et_pb_row][\/et_pb_section][et_pb_section fb_built=&#8221;1&#8243; _builder_version=&#8221;4.27.2&#8243; _module_preset=&#8221;default&#8221; background_color=&#8221;#FFFFFF&#8221; custom_margin=&#8221;-95px|||||&#8221; custom_padding=&#8221;16px||12px|||&#8221; locked=&#8221;off&#8221; global_colors_info=&#8221;{}&#8221;][et_pb_row _builder_version=&#8221;4.27.2&#8243; _module_preset=&#8221;default&#8221; custom_margin=&#8221;-33px|auto|110px|auto||&#8221; custom_padding=&#8221;18px||||false|false&#8221; global_colors_info=&#8221;{}&#8221;][et_pb_column type=&#8221;4_4&#8243; _builder_version=&#8221;4.27.0&#8243; _module_preset=&#8221;default&#8221; pac_dcm_carousel_specific_module_num=&#8221;0&#8243; global_colors_info=&#8221;{}&#8221;][et_pb_accordion _builder_version=&#8221;4.27.2&#8243; _module_preset=&#8221;default&#8221; custom_margin=&#8221;||||false|false&#8221; global_colors_info=&#8221;{}&#8221;][et_pb_accordion_item title=&#8221;\u00c8 obbligatorio avere un RSPP?&#8221; open=&#8221;on&#8221; closed_toggle_background_color=&#8221;#b80718&#8243; _builder_version=&#8221;4.27.2&#8243; _module_preset=&#8221;default&#8221; body_font=&#8221;|&#8211;et_global_body_font_weight|||||||&#8221; body_text_color=&#8221;#FFFFFF&#8221; body_font_size=&#8221;20px&#8221; background_color=&#8221;#b80718&#8243; background_enable_color=&#8221;on&#8221; global_colors_info=&#8221;{}&#8221; toggle_text_color=&#8221;#FFFFFF&#8221; toggle_font=&#8221;|700|||||||&#8221; toggle_font_size=&#8221;26px&#8221;]<\/p>\n<p>S\u00ec, il decreto legislativo <strong>81 del 2008<\/strong>, anche chiamato &#8220;Testo Unico sulla Sicurezza sul Lavoro&#8221;, sancisce che la nomina del <strong>Responsabile del Servizio di Prevenzione e Protezione<\/strong> (RSPP) sia obbligatoria in tutte le aziende con almeno un lavoratore dipendente.<\/p>\n<p>[\/et_pb_accordion_item][et_pb_accordion_item title=&#8221;Cosa succede se non si nomina un RSPP?&#8221; closed_toggle_background_color=&#8221;#b80718&#8243; _builder_version=&#8221;4.27.2&#8243; _module_preset=&#8221;default&#8221; body_font=&#8221;|&#8211;et_global_body_font_weight|||||||&#8221; body_text_color=&#8221;#FFFFFF&#8221; body_font_size=&#8221;20px&#8221; background_color=&#8221;#b80718&#8243; background_enable_color=&#8221;on&#8221; global_colors_info=&#8221;{}&#8221; toggle_text_color=&#8221;#FFFFFF&#8221; toggle_font=&#8221;|700|||||||&#8221; toggle_font_size=&#8221;26px&#8221; open=&#8221;off&#8221;]<\/p>\n<p>Secondo il <strong>decreto legislativo 81 del 2008<\/strong>, il datore di lavoro che non nomina tale figura rischia delle ammende molto importanti: l\u2019 <strong>arresto da 3 a 6 mesi<\/strong> o<strong> ammenda da 2.500 \u20ac a 6.400<\/strong> \u20ac per mancata nomina del <strong>Responsabile del Servizio di Prevenzione e Protezione (RSPP)<\/strong>.<\/p>\n<p>[\/et_pb_accordion_item][et_pb_accordion_item title=&#8221;Perch\u00e9 nominare un RSPP esterno?&#8221; closed_toggle_background_color=&#8221;#b80718&#8243; _builder_version=&#8221;4.27.2&#8243; _module_preset=&#8221;default&#8221; body_font=&#8221;|&#8211;et_global_body_font_weight|||||||&#8221; body_text_color=&#8221;#FFFFFF&#8221; body_font_size=&#8221;20px&#8221; background_color=&#8221;#b80718&#8243; background_enable_color=&#8221;on&#8221; global_colors_info=&#8221;{}&#8221; toggle_text_color=&#8221;#FFFFFF&#8221; toggle_font=&#8221;|700|||||||&#8221; toggle_font_size=&#8221;26px&#8221; open=&#8221;off&#8221;]<\/p>\n<p>In alcuni casi, il datore di lavoro pu\u00f2 decidere di svolgere di persona il ruolo di RSPP o di incaricare come RSPP una persona interna all&#8217;azienda, con un lungo percorso formativo, oppure di nominare un <strong>soggetto esperto esterno<\/strong>. Questa soluzione viene adottata per via dei vantaggi che offre: \u00a0fare un buon lavoro come RSPP richiede<strong> tempo e capacit\u00e0<\/strong>, che non tutte le strutture presentano al proprio interno. Una figura esterna \u00e8 una <strong>figura completamente dedicata, in costante aggiornamento sui temi trattati, dotata di oggettivit\u00e0 e flessibilit\u00e0, e dai costi minoritari rispetto ad un dipendente interno.<\/strong><\/p>\n<p>[\/et_pb_accordion_item][et_pb_accordion_item title=&#8221;RSPP o ASPP?&#8221; closed_toggle_background_color=&#8221;#b80718&#8243; _builder_version=&#8221;4.27.0&#8243; _module_preset=&#8221;default&#8221; body_font=&#8221;|&#8211;et_global_body_font_weight|||||||&#8221; body_text_color=&#8221;#FFFFFF&#8221; body_font_size=&#8221;20px&#8221; background_color=&#8221;#b80718&#8243; background_enable_color=&#8221;on&#8221; global_colors_info=&#8221;{}&#8221; toggle_text_color=&#8221;#FFFFFF&#8221; toggle_font=&#8221;|700|||||||&#8221; toggle_font_size=&#8221;26px&#8221; open=&#8221;off&#8221;]<\/p>\n<p>Nel caso di aziende di grandi dimensioni, l&#8217;RSPP si avvale del supporto di altre figure importanti per lo\u00a0 svolgimento delle attivit\u00e0 di prevenzione e protezione, questi collaboratori sono chiamati <strong>Addetti al servizio di prevenzione e protezione<\/strong> o <strong>ASPP.<\/strong><\/p>\n<p>[\/et_pb_accordion_item][\/et_pb_accordion][\/et_pb_column][\/et_pb_row][\/et_pb_section]<\/p>\n","protected":false},"excerpt":{"rendered":"<p>Nell\u2019ambito della sicurezza sul lavoro, l&#8217;RSPP, ovvero il responsabile del servizio prevenzione e protezione, \u00e8 una figura fondamentale per la gestione ottimale della sicurezza aziendale,[&#8230;]<br \/> <a class=\"read-more\" href=\"https:\/\/www.projit.it\/salute-sicurezza\/servizio-rspp\/\">Continua a leggere &raquo;<\/a><\/p>\n","protected":false},"author":1,"featured_media":0,"parent":0,"menu_order":0,"comment_status":"closed","ping_status":"closed","template":"","meta":{"_acf_changed":false,"_et_pb_use_builder":"on","_et_pb_old_content":"<!-- wp:divi\/placeholder \/-->","_et_gb_content_width":"","footnotes":""},"difl_page_category":[],"class_list":["post-250670","page","type-page","status-publish","hentry"],"acf":[],"yoast_head":"<!-- This site is optimized with the Yoast SEO Premium plugin v26.8 (Yoast SEO v27.3) - https:\/\/yoast.com\/product\/yoast-seo-premium-wordpress\/ -->\n<title>Servizio RSPP - Projit - Salute e sicurezza sul lavoro<\/title>\n<meta name=\"description\" content=\"Offrimo servizio di Responsabile Prevenzione e Protezione (RSPP) mediante personale esperto e qualificato e attivit\u00e0 di Backoffice.\" \/>\n<meta name=\"robots\" content=\"index, follow, max-snippet:-1, max-image-preview:large, max-video-preview:-1\" \/>\n<link rel=\"canonical\" href=\"https:\/\/www.projit.it\/salute-sicurezza\/servizio-rspp\/\" \/>\n<meta property=\"og:locale\" content=\"it_IT\" \/>\n<meta property=\"og:type\" content=\"article\" \/>\n<meta property=\"og:title\" content=\"Servizio RSPP\" \/>\n<meta property=\"og:description\" content=\"Offrimo servizio di Responsabile Prevenzione e Protezione (RSPP) mediante personale esperto e qualificato e attivit\u00e0 di Backoffice.\" \/>\n<meta property=\"og:url\" content=\"https:\/\/www.projit.it\/salute-sicurezza\/servizio-rspp\/\" \/>\n<meta property=\"og:site_name\" content=\"Projit - Salute e sicurezza sul lavoro\" \/>\n<meta property=\"article:modified_time\" content=\"2025-04-03T15:27:21+00:00\" \/>\n<meta name=\"twitter:card\" content=\"summary_large_image\" \/>\n<meta name=\"twitter:label1\" content=\"Tempo di lettura stimato\" \/>\n\t<meta name=\"twitter:data1\" content=\"3 minuti\" \/>\n<!-- \/ Yoast SEO Premium plugin. -->","yoast_head_json":{"title":"Servizio RSPP - Projit - Salute e sicurezza sul lavoro","description":"Offrimo servizio di Responsabile Prevenzione e Protezione (RSPP) mediante personale esperto e qualificato e attivit\u00e0 di Backoffice.","robots":{"index":"index","follow":"follow","max-snippet":"max-snippet:-1","max-image-preview":"max-image-preview:large","max-video-preview":"max-video-preview:-1"},"canonical":"https:\/\/www.projit.it\/salute-sicurezza\/servizio-rspp\/","og_locale":"it_IT","og_type":"article","og_title":"Servizio RSPP","og_description":"Offrimo servizio di Responsabile Prevenzione e Protezione (RSPP) mediante personale esperto e qualificato e attivit\u00e0 di Backoffice.","og_url":"https:\/\/www.projit.it\/salute-sicurezza\/servizio-rspp\/","og_site_name":"Projit - Salute e sicurezza sul lavoro","article_modified_time":"2025-04-03T15:27:21+00:00","twitter_card":"summary_large_image","twitter_misc":{"Tempo di lettura stimato":"3 minuti"},"schema":{"@context":"https:\/\/schema.org","@graph":[{"@type":"WebPage","@id":"https:\/\/www.projit.it\/salute-sicurezza\/servizio-rspp\/","url":"https:\/\/www.projit.it\/salute-sicurezza\/servizio-rspp\/","name":"Servizio RSPP - Projit - Salute e sicurezza sul lavoro","isPartOf":{"@id":"https:\/\/www.projit.it\/salute-sicurezza\/#website"},"datePublished":"2025-03-13T16:10:33+00:00","dateModified":"2025-04-03T15:27:21+00:00","description":"Offrimo servizio di Responsabile Prevenzione e Protezione (RSPP) mediante personale esperto e qualificato e attivit\u00e0 di Backoffice.","breadcrumb":{"@id":"https:\/\/www.projit.it\/salute-sicurezza\/servizio-rspp\/#breadcrumb"},"inLanguage":"it-IT","potentialAction":[{"@type":"ReadAction","target":["https:\/\/www.projit.it\/salute-sicurezza\/servizio-rspp\/"]}]},{"@type":"BreadcrumbList","@id":"https:\/\/www.projit.it\/salute-sicurezza\/servizio-rspp\/#breadcrumb","itemListElement":[{"@type":"ListItem","position":1,"name":"Home","item":"https:\/\/www.projit.it\/"},{"@type":"ListItem","position":2,"name":"Salute e sicurezza sul lavoro","item":"https:\/\/www.projit.it\/salute-sicurezza\/"},{"@type":"ListItem","position":3,"name":"Servizio RSPP"}]},{"@type":"WebSite","@id":"https:\/\/www.projit.it\/salute-sicurezza\/#website","url":"https:\/\/www.projit.it\/salute-sicurezza\/","name":"Projit - Salute e sicurezza sul lavoro","description":"Persone, Idee, Soluzioni","potentialAction":[{"@type":"SearchAction","target":{"@type":"EntryPoint","urlTemplate":"https:\/\/www.projit.it\/salute-sicurezza\/?s={search_term_string}"},"query-input":{"@type":"PropertyValueSpecification","valueRequired":true,"valueName":"search_term_string"}}],"inLanguage":"it-IT"}]}},"_links":{"self":[{"href":"https:\/\/www.projit.it\/salute-sicurezza\/wp-json\/wp\/v2\/pages\/250670","targetHints":{"allow":["GET"]}}],"collection":[{"href":"https:\/\/www.projit.it\/salute-sicurezza\/wp-json\/wp\/v2\/pages"}],"about":[{"href":"https:\/\/www.projit.it\/salute-sicurezza\/wp-json\/wp\/v2\/types\/page"}],"author":[{"embeddable":true,"href":"https:\/\/www.projit.it\/salute-sicurezza\/wp-json\/wp\/v2\/users\/1"}],"replies":[{"embeddable":true,"href":"https:\/\/www.projit.it\/salute-sicurezza\/wp-json\/wp\/v2\/comments?post=250670"}],"version-history":[{"count":15,"href":"https:\/\/www.projit.it\/salute-sicurezza\/wp-json\/wp\/v2\/pages\/250670\/revisions"}],"predecessor-version":[{"id":251142,"href":"https:\/\/www.projit.it\/salute-sicurezza\/wp-json\/wp\/v2\/pages\/250670\/revisions\/251142"}],"wp:attachment":[{"href":"https:\/\/www.projit.it\/salute-sicurezza\/wp-json\/wp\/v2\/media?parent=250670"}],"wp:term":[{"taxonomy":"difl_page_category","embeddable":true,"href":"https:\/\/www.projit.it\/salute-sicurezza\/wp-json\/wp\/v2\/difl_page_category?post=250670"}],"curies":[{"name":"wp","href":"https:\/\/api.w.org\/{rel}","templated":true}]}}