{"id":197,"date":"2025-03-13T17:42:22","date_gmt":"2025-03-13T16:42:22","guid":{"rendered":"https:\/\/www.projit.it\/sistemi-di-gestione\/?page_id=197"},"modified":"2025-04-03T17:42:12","modified_gmt":"2025-04-03T15:42:12","slug":"assistenza-supporto-certificazione","status":"publish","type":"page","link":"https:\/\/www.projit.it\/sistemi-di-gestione\/assistenza-supporto-certificazione\/","title":{"rendered":"Assistenza e supporto alla certificazione"},"content":{"rendered":"<p>[et_pb_section fb_built=&#8221;1&#8243; fullwidth=&#8221;on&#8221; _builder_version=&#8221;4.27.2&#8243; _module_preset=&#8221;default&#8221; background_color=&#8221;#d6d6d6&#8243; custom_margin_tablet=&#8221;45px||||false|false&#8221; custom_margin_phone=&#8221;45px||||false|false&#8221; custom_margin_last_edited=&#8221;on|phone&#8221; custom_padding=&#8221;||0px|||&#8221; locked=&#8221;off&#8221; global_colors_info=&#8221;{}&#8221;][et_pb_fullwidth_image src=&#8221;https:\/\/www.projit.it\/sistemi-di-gestione\/wp-content\/uploads\/sites\/5\/2024\/10\/Asssitenza-e-supporto-alla-certificazione-immagine-1.png&#8221; alt=&#8221;Assitenza e supporto alla certificazione immagine&#8221; title_text=&#8221;Assitenza e supporto alla certificazione immagine&#8221; _builder_version=&#8221;4.27.2&#8243; _module_preset=&#8221;default&#8221; width=&#8221;70%&#8221; max_width=&#8221;100%&#8221; module_alignment=&#8221;center&#8221; hover_enabled=&#8221;0&#8243; global_colors_info=&#8221;{}&#8221; width_last_edited=&#8221;on|phone&#8221; sticky_enabled=&#8221;0&#8243; width_tablet=&#8221;100%&#8221; width_phone=&#8221;100%&#8221;][\/et_pb_fullwidth_image][\/et_pb_section][et_pb_section fb_built=&#8221;1&#8243; _builder_version=&#8221;4.27.2&#8243; _module_preset=&#8221;default&#8221; custom_margin=&#8221;-36px|||||&#8221; custom_margin_tablet=&#8221;0px||||false|false&#8221; custom_margin_phone=&#8221;0px||||false|false&#8221; custom_margin_last_edited=&#8221;on|phone&#8221; custom_padding=&#8221;40px|||||&#8221; locked=&#8221;off&#8221; global_colors_info=&#8221;{}&#8221;][et_pb_row _builder_version=&#8221;4.27.0&#8243; _module_preset=&#8221;default&#8221; min_height=&#8221;492px&#8221; custom_margin=&#8221;-32px|auto||auto||&#8221; custom_padding=&#8221;53px|||||&#8221; global_colors_info=&#8221;{}&#8221;][et_pb_column type=&#8221;4_4&#8243; _builder_version=&#8221;4.27.0&#8243; _module_preset=&#8221;default&#8221; pac_dcm_carousel_specific_module_num=&#8221;0&#8243; global_colors_info=&#8221;{}&#8221;][et_pb_heading title=&#8221;Vuoi ottenere una certificazione per la tua azienda?&#8221; _builder_version=&#8221;4.27.0&#8243; _module_preset=&#8221;default&#8221; title_font=&#8221;|700|||||||&#8221; title_text_color=&#8221;#c00418&#8243; global_colors_info=&#8221;{}&#8221;][\/et_pb_heading][et_pb_text _builder_version=&#8221;4.27.2&#8243; _module_preset=&#8221;default&#8221; text_font=&#8221;|&#8211;et_global_body_font_weight|||||||&#8221; text_font_size=&#8221;20px&#8221; custom_margin=&#8221;||20px||false|false&#8221; global_colors_info=&#8221;{}&#8221;]<\/p>\n<p>La <strong>certificazione dei sistemi di gestione<\/strong> presenti in azienda <strong>aggiunge valore<\/strong> dando <strong>garanzia di affidabilit\u00e0<\/strong> per clienti, fornitori, dipendenti e collaboratori, <span>uniformando le varie <strong>procedure operative<\/strong> e i<strong> criteri di valutazione<\/strong> per poter presentare l&#8217;azienda in modo professionale.\u00a0<\/span><\/p>\n<p>I nostri esperti possono fornire preziosa <strong>collaborazione e formazione<\/strong> sui sistemi di gestione certificabili secondo le <strong>Norme ISO 9001, 27001, 45001, 14001, 37001<\/strong>, e accompagnare cos\u00ec le organizzazioni clienti nel <strong>raggiungimento dell&#8217;iter di certificazione<\/strong>\u00a0presso gli enti prescelti.<\/p>\n<p>I servizi di <strong>supporto alla\u00a0certificazione dei sistemi di gestione <\/strong>si rivolgono alle organizzazioni di qualsiasi dimensione e settore, unendo<span><strong> al prestigio di ottenere la certificazione scelta<\/strong>, l&#8217;<strong>ottimizzazione effettiva di tempi e risorse<\/strong>, dei <strong>processi produttivi<\/strong> interni e al<strong> miglioramento delle prestazioni aziendali<\/strong>.<\/span><\/p>\n<p>[\/et_pb_text][\/et_pb_column][\/et_pb_row][\/et_pb_section][et_pb_section fb_built=&#8221;1&#8243; _builder_version=&#8221;4.27.2&#8243; _module_preset=&#8221;default&#8221; background_color=&#8221;#FFFFFF&#8221; custom_margin=&#8221;-116px|||||&#8221; custom_padding=&#8221;32px||12px|||&#8221; locked=&#8221;off&#8221; global_colors_info=&#8221;{}&#8221;][et_pb_row _builder_version=&#8221;4.27.0&#8243; _module_preset=&#8221;default&#8221; custom_margin=&#8221;-25px|auto|110px|auto||&#8221; custom_padding=&#8221;9px|||||&#8221; global_colors_info=&#8221;{}&#8221;][et_pb_column type=&#8221;4_4&#8243; _builder_version=&#8221;4.27.0&#8243; _module_preset=&#8221;default&#8221; pac_dcm_carousel_specific_module_num=&#8221;0&#8243; global_colors_info=&#8221;{}&#8221;][et_pb_accordion _builder_version=&#8221;4.27.0&#8243; _module_preset=&#8221;default&#8221; custom_margin=&#8221;||||false|false&#8221; global_colors_info=&#8221;{}&#8221;][et_pb_accordion_item title=&#8221;Norma ISO 9001&#8243; open=&#8221;on&#8221; closed_toggle_background_color=&#8221;#b80718&#8243; _builder_version=&#8221;4.27.0&#8243; _module_preset=&#8221;default&#8221; body_font=&#8221;|&#8211;et_global_body_font_weight|||||||&#8221; body_text_color=&#8221;#FFFFFF&#8221; body_font_size=&#8221;20px&#8221; background_color=&#8221;#b80718&#8243; background_enable_color=&#8221;on&#8221; global_colors_info=&#8221;{}&#8221; toggle_text_color=&#8221;#FFFFFF&#8221; toggle_font=&#8221;|700|||||||&#8221; toggle_font_size=&#8221;26px&#8221;]<\/p>\n<p>La norma <strong>ISO 9001<\/strong> definisce i requisiti minimi che il <strong>Sistema di Gestione per la Qualit\u00e0<\/strong> di un&#8217;organizzazione deve dimostrare di soddisfare per garantire il livello di qualit\u00e0 di prodotto e servizio che dichiara di possedere con s\u00e9 stessa e con il mercato. Oggi \u00e8 lo <strong>standard internazionale pi\u00f9 conosciuto<\/strong>, applicabile a qualsiasi organizzazione, pubblica o privata, indipendentemente dalla dimensione, dalla tipologia e dal settore economico di appartenenza.<\/p>\n<p>[\/et_pb_accordion_item][et_pb_accordion_item title=&#8221;Norma ISO 27001&#8243; closed_toggle_background_color=&#8221;#b80718&#8243; _builder_version=&#8221;4.27.0&#8243; _module_preset=&#8221;default&#8221; body_font=&#8221;|&#8211;et_global_body_font_weight|||||||&#8221; body_text_color=&#8221;#FFFFFF&#8221; body_font_size=&#8221;20px&#8221; background_color=&#8221;#b80718&#8243; background_enable_color=&#8221;on&#8221; global_colors_info=&#8221;{}&#8221; toggle_text_color=&#8221;#FFFFFF&#8221; toggle_font=&#8221;|700|||||||&#8221; toggle_font_size=&#8221;26px&#8221; open=&#8221;off&#8221;]<\/p>\n<p>La <strong>ISO 27001<\/strong> \u00e8 uno standard internazionale con determinati requisiti per la creazione, la manutenzione e lo sviluppo dei <strong>sistemi di gestione della sicurezza delle informazioni<\/strong>. In sostanza, si tratta di un insieme di <strong>best practices<\/strong> inerenti alle misure di gestione della sicurezza, con lo scopo di <strong>proteggere le informazioni e garantire la protezione dei dati<\/strong> dei clienti.<\/p>\n<p>[\/et_pb_accordion_item][et_pb_accordion_item title=&#8221;Norma ISO 45001&#8243; closed_toggle_background_color=&#8221;#b80718&#8243; _builder_version=&#8221;4.27.0&#8243; _module_preset=&#8221;default&#8221; body_font=&#8221;|&#8211;et_global_body_font_weight|||||||&#8221; body_text_color=&#8221;#FFFFFF&#8221; body_font_size=&#8221;20px&#8221; background_color=&#8221;#b80718&#8243; background_enable_color=&#8221;on&#8221; global_colors_info=&#8221;{}&#8221; toggle_text_color=&#8221;#FFFFFF&#8221; toggle_font=&#8221;|700|||||||&#8221; toggle_font_size=&#8221;26px&#8221; open=&#8221;off&#8221;]<\/p>\n<p>La<strong> ISO 45001<\/strong> \u00e8 lo standard internazionale per i <strong>sistemi di gestione relativi alla salute e sicurezza sul lavoro<\/strong>, progettati per proteggere dipendenti e visitatori da incidenti e malattie legate al lavoro. Questo standard \u00e8 stato sviluppato per <strong>mitigare tutti i fattori<\/strong> che possono <strong>causare danni irreparabili a dipendenti e aziende.<\/strong><\/p>\n<p>[\/et_pb_accordion_item][et_pb_accordion_item title=&#8221;Norma ISO 14001&#8243; closed_toggle_background_color=&#8221;#b80718&#8243; _builder_version=&#8221;4.27.0&#8243; _module_preset=&#8221;default&#8221; body_font=&#8221;|&#8211;et_global_body_font_weight|||||||&#8221; body_text_color=&#8221;#FFFFFF&#8221; body_font_size=&#8221;20px&#8221; background_color=&#8221;#b80718&#8243; background_enable_color=&#8221;on&#8221; global_colors_info=&#8221;{}&#8221; toggle_text_color=&#8221;#FFFFFF&#8221; toggle_font=&#8221;|700|||||||&#8221; toggle_font_size=&#8221;26px&#8221; open=&#8221;off&#8221;]<\/p>\n<p>La<strong> ISO 14001<\/strong> \u00e8 riconosciuta come standard per la certificazione dei <strong>Sistemi di Gestione Ambientale<\/strong> per organizzazioni di tutte le dimensioni. Basato sul metodo \u201c<strong>Plan-Do-Check-Act<\/strong>\u201d, fornisce un quadro sistematico per l\u2019integrazione delle <strong>pratiche a protezione dell\u2019ambiente<\/strong>, prevenendo inquinamento, riducendo l\u2019entit\u00e0 dei rifiuti, il consumo di energia e dei materiali.<\/p>\n<p>[\/et_pb_accordion_item][et_pb_accordion_item title=&#8221;Norma ISO 37001&#8243; closed_toggle_background_color=&#8221;#b80718&#8243; _builder_version=&#8221;4.27.0&#8243; _module_preset=&#8221;default&#8221; body_font=&#8221;|&#8211;et_global_body_font_weight|||||||&#8221; body_text_color=&#8221;#FFFFFF&#8221; body_font_size=&#8221;20px&#8221; background_color=&#8221;#b80718&#8243; background_enable_color=&#8221;on&#8221; global_colors_info=&#8221;{}&#8221; toggle_text_color=&#8221;#FFFFFF&#8221; toggle_font=&#8221;|700|||||||&#8221; toggle_font_size=&#8221;26px&#8221; open=&#8221;off&#8221;]<\/p>\n<p>La norma <strong>ISO 37001<\/strong>\u00a0 per i <strong>Sistemi di gestione per la prevenzione della corruzione<\/strong>\u00a0 \u00e8 il primo standard internazionale per i sistemi di gestione creato, sulla base delle<strong> best practice internazionali<\/strong>, con lo scopo di ridurre i rischi e i costi legati a <strong>possibili fenomeni corruttivi<\/strong>. <span>Il sistema di gestione per la prevenzione della corruzione pu\u00f2 essere impostato come<strong> un sistema a s\u00e9 stante<\/strong>, oppure pu\u00f2 essere <strong>parte di un sistema integrato<\/strong>.\u00a0<\/span><\/p>\n<p>[\/et_pb_accordion_item][et_pb_accordion_item title=&#8221;Norma ISO 37301&#8243; closed_toggle_background_color=&#8221;#b80718&#8243; _builder_version=&#8221;4.27.0&#8243; _module_preset=&#8221;default&#8221; body_font=&#8221;|&#8211;et_global_body_font_weight|||||||&#8221; body_text_color=&#8221;#FFFFFF&#8221; body_font_size=&#8221;20px&#8221; background_color=&#8221;#b80718&#8243; background_enable_color=&#8221;on&#8221; global_colors_info=&#8221;{}&#8221; toggle_text_color=&#8221;#FFFFFF&#8221; toggle_font=&#8221;|700|||||||&#8221; toggle_font_size=&#8221;26px&#8221; open=&#8221;off&#8221;]<\/p>\n<p>Lo standard <strong>ISO 37301<\/strong>\u00a0 prevede i requisiti per progettare, stabilire e mantenere, nell&#8217;ottica del miglioramento continuo, un <strong>sistema di gestione della compliance<\/strong> per il controllo dei relativi rischi.<br \/>Dalla lettura della norma emergono chiaramente sia gli obiettivi (integrit\u00e0, cultura, conformit\u00e0, reputazione e valori etici) sia i principi (integrit\u00e0, buona governance, proporzionalit\u00e0, trasparenza, e sostenibilit\u00e0) sottesi al <strong>Compliance Management System<\/strong>.<\/p>\n<p>[\/et_pb_accordion_item][\/et_pb_accordion][\/et_pb_column][\/et_pb_row][\/et_pb_section]<\/p>\n","protected":false},"excerpt":{"rendered":"<p>La certificazione dei sistemi di gestione presenti in azienda aggiunge valore dando garanzia di affidabilit\u00e0 per clienti, fornitori, dipendenti e collaboratori, uniformando le varie procedure[&#8230;]<br \/> <a class=\"read-more\" href=\"https:\/\/www.projit.it\/sistemi-di-gestione\/assistenza-supporto-certificazione\/\">Continua a leggere &raquo;<\/a><\/p>\n","protected":false},"author":1,"featured_media":0,"parent":0,"menu_order":0,"comment_status":"closed","ping_status":"closed","template":"","meta":{"_acf_changed":false,"_et_pb_use_builder":"on","_et_pb_old_content":"","_et_gb_content_width":"","footnotes":""},"difl_page_category":[],"class_list":["post-197","page","type-page","status-publish","hentry"],"acf":[],"yoast_head":"<!-- This site is optimized with the Yoast SEO Premium plugin v26.8 (Yoast SEO v27.4) - https:\/\/yoast.com\/product\/yoast-seo-premium-wordpress\/ -->\n<title>Assistenza e supporto alla certificazione - Projit - Sistemi di gestione<\/title>\n<meta name=\"description\" content=\"Projit offre consulenza e formazione sui Sistemi di Gestione certificabili secondo le Norme ISO 9001, 27001, 45001, 14001, 37001 e Modelli 231\" \/>\n<meta name=\"robots\" content=\"index, follow, max-snippet:-1, max-image-preview:large, max-video-preview:-1\" \/>\n<link rel=\"canonical\" href=\"https:\/\/www.projit.it\/sistemi-di-gestione\/assistenza-supporto-certificazione\/\" \/>\n<meta property=\"og:locale\" content=\"it_IT\" \/>\n<meta property=\"og:type\" content=\"article\" \/>\n<meta property=\"og:title\" content=\"Assistenza e supporto alla certificazione\" \/>\n<meta property=\"og:description\" content=\"Projit offre consulenza e formazione sui Sistemi di Gestione certificabili secondo le Norme ISO 9001, 27001, 45001, 14001, 37001 e Modelli 231\" \/>\n<meta property=\"og:url\" content=\"https:\/\/www.projit.it\/sistemi-di-gestione\/assistenza-supporto-certificazione\/\" \/>\n<meta property=\"og:site_name\" content=\"Projit - Sistemi di gestione\" \/>\n<meta property=\"article:modified_time\" content=\"2025-04-03T15:42:12+00:00\" \/>\n<meta name=\"twitter:card\" content=\"summary_large_image\" \/>\n<meta name=\"twitter:label1\" content=\"Tempo di lettura stimato\" \/>\n\t<meta name=\"twitter:data1\" content=\"3 minuti\" \/>\n<!-- \/ Yoast SEO Premium plugin. -->","yoast_head_json":{"title":"Assistenza e supporto alla certificazione - Projit - Sistemi di gestione","description":"Projit offre consulenza e formazione sui Sistemi di Gestione certificabili secondo le Norme ISO 9001, 27001, 45001, 14001, 37001 e Modelli 231","robots":{"index":"index","follow":"follow","max-snippet":"max-snippet:-1","max-image-preview":"max-image-preview:large","max-video-preview":"max-video-preview:-1"},"canonical":"https:\/\/www.projit.it\/sistemi-di-gestione\/assistenza-supporto-certificazione\/","og_locale":"it_IT","og_type":"article","og_title":"Assistenza e supporto alla certificazione","og_description":"Projit offre consulenza e formazione sui Sistemi di Gestione certificabili secondo le Norme ISO 9001, 27001, 45001, 14001, 37001 e Modelli 231","og_url":"https:\/\/www.projit.it\/sistemi-di-gestione\/assistenza-supporto-certificazione\/","og_site_name":"Projit - Sistemi di gestione","article_modified_time":"2025-04-03T15:42:12+00:00","twitter_card":"summary_large_image","twitter_misc":{"Tempo di lettura stimato":"3 minuti"},"schema":{"@context":"https:\/\/schema.org","@graph":[{"@type":"WebPage","@id":"https:\/\/www.projit.it\/sistemi-di-gestione\/assistenza-supporto-certificazione\/","url":"https:\/\/www.projit.it\/sistemi-di-gestione\/assistenza-supporto-certificazione\/","name":"Assistenza e supporto alla certificazione - Projit - Sistemi di gestione","isPartOf":{"@id":"https:\/\/www.projit.it\/sistemi-di-gestione\/#website"},"datePublished":"2025-03-13T16:42:22+00:00","dateModified":"2025-04-03T15:42:12+00:00","description":"Projit offre consulenza e formazione sui Sistemi di Gestione certificabili secondo le Norme ISO 9001, 27001, 45001, 14001, 37001 e Modelli 231","breadcrumb":{"@id":"https:\/\/www.projit.it\/sistemi-di-gestione\/assistenza-supporto-certificazione\/#breadcrumb"},"inLanguage":"it-IT","potentialAction":[{"@type":"ReadAction","target":["https:\/\/www.projit.it\/sistemi-di-gestione\/assistenza-supporto-certificazione\/"]}]},{"@type":"BreadcrumbList","@id":"https:\/\/www.projit.it\/sistemi-di-gestione\/assistenza-supporto-certificazione\/#breadcrumb","itemListElement":[{"@type":"ListItem","position":1,"name":"Home","item":"https:\/\/www.projit.it\/"},{"@type":"ListItem","position":2,"name":"Sistemi di gestione","item":"https:\/\/www.projit.it\/sistemi-di-gestione\/"},{"@type":"ListItem","position":3,"name":"Assistenza e supporto alla certificazione"}]},{"@type":"WebSite","@id":"https:\/\/www.projit.it\/sistemi-di-gestione\/#website","url":"https:\/\/www.projit.it\/sistemi-di-gestione\/","name":"Projit - Sistemi di gestione","description":"Persone, Idee, Soluzioni","potentialAction":[{"@type":"SearchAction","target":{"@type":"EntryPoint","urlTemplate":"https:\/\/www.projit.it\/sistemi-di-gestione\/?s={search_term_string}"},"query-input":{"@type":"PropertyValueSpecification","valueRequired":true,"valueName":"search_term_string"}}],"inLanguage":"it-IT"}]}},"_links":{"self":[{"href":"https:\/\/www.projit.it\/sistemi-di-gestione\/wp-json\/wp\/v2\/pages\/197","targetHints":{"allow":["GET"]}}],"collection":[{"href":"https:\/\/www.projit.it\/sistemi-di-gestione\/wp-json\/wp\/v2\/pages"}],"about":[{"href":"https:\/\/www.projit.it\/sistemi-di-gestione\/wp-json\/wp\/v2\/types\/page"}],"author":[{"embeddable":true,"href":"https:\/\/www.projit.it\/sistemi-di-gestione\/wp-json\/wp\/v2\/users\/1"}],"replies":[{"embeddable":true,"href":"https:\/\/www.projit.it\/sistemi-di-gestione\/wp-json\/wp\/v2\/comments?post=197"}],"version-history":[{"count":12,"href":"https:\/\/www.projit.it\/sistemi-di-gestione\/wp-json\/wp\/v2\/pages\/197\/revisions"}],"predecessor-version":[{"id":282249,"href":"https:\/\/www.projit.it\/sistemi-di-gestione\/wp-json\/wp\/v2\/pages\/197\/revisions\/282249"}],"wp:attachment":[{"href":"https:\/\/www.projit.it\/sistemi-di-gestione\/wp-json\/wp\/v2\/media?parent=197"}],"wp:term":[{"taxonomy":"difl_page_category","embeddable":true,"href":"https:\/\/www.projit.it\/sistemi-di-gestione\/wp-json\/wp\/v2\/difl_page_category?post=197"}],"curies":[{"name":"wp","href":"https:\/\/api.w.org\/{rel}","templated":true}]}}